{"id":1106,"date":"2022-09-25T21:25:38","date_gmt":"2022-09-25T21:25:38","guid":{"rendered":"https:\/\/humanssolutions.com\/?post_type=product&#038;p=1106"},"modified":"2022-09-26T04:21:07","modified_gmt":"2022-09-26T04:21:07","slug":"retencion-de-rrhh-de-hasta-11-a-20-empleados-por-mes","status":"publish","type":"product","link":"https:\/\/humanssolutions.com\/en\/product\/hr-retention-from-11-to-20-employees-per-month\/","title":{"rendered":"HR Retention from 11 to 20 employees per month"},"content":{"rendered":"<p>With our services you will be able to give your company the support and resources it needs to help guide change, as well as solve the problems you can't address yourself. All while you use your time to focus on what matters: your business.<\/p>","protected":false},"excerpt":{"rendered":"<p>Our Talent Retention services are made for you. We will provide you with all the contracts and documents you need. In addition, you will have access to HR consultants with proven experience who will help you with all of your company's challenges.<\/p>\n<p>&nbsp;<\/p>\n<p><strong>Next you must <span style=\"color: #3366ff;\">specify the number of months<\/span> to be contracted for this service:<\/strong><\/p>","protected":false},"featured_media":1134,"template":"","meta":[],"product_cat":[30],"product_tag":[],"class_list":["post-1106","product","type-product","status-publish","has-post-thumbnail","hentry","product_cat-retencion"],"yoast_head":"<!-- This site is optimized with the Yoast SEO plugin v21.2 - https:\/\/yoast.com\/wordpress\/plugins\/seo\/ -->\n<title>Human Solutions<\/title>\n<meta name=\"robots\" content=\"index, follow, max-snippet:-1, max-image-preview:large, max-video-preview:-1\" \/>\n<link rel=\"canonical\" href=\"https:\/\/humanssolutions.com\/en\/product\/hr-retention-from-11-to-20-employees-per-month\/\" \/>\n<meta property=\"og:locale\" content=\"en_US\" \/>\n<meta property=\"og:type\" content=\"article\" \/>\n<meta property=\"og:title\" content=\"Human Solutions\" \/>\n<meta property=\"og:description\" content=\"Nuestros servicios de Retenci\u00f3n de talento est\u00e1n hechos para usted. Le proporcionaremos todos los contratos y documentos que necesite. Adem\u00e1s, tendr\u00e1 acceso a consultores de RRHH con experiencia comprobada que le ayudar\u00e1n en todos los retos de su empresa.  &nbsp;  A continuaci\u00f3n debe especificar la cantidad de meses a contratar este servicio:\" \/>\n<meta property=\"og:url\" content=\"https:\/\/humanssolutions.com\/en\/product\/hr-retention-from-11-to-20-employees-per-month\/\" \/>\n<meta property=\"og:site_name\" content=\"Human Solutions\" \/>\n<meta property=\"article:modified_time\" content=\"2022-09-26T04:21:07+00:00\" \/>\n<meta property=\"og:image\" content=\"https:\/\/humanssolutions.com\/wp-content\/uploads\/2022\/09\/human-solutions-productos-retencion-de-RRHH.jpg\" \/>\n\t<meta property=\"og:image:width\" content=\"600\" \/>\n\t<meta property=\"og:image:height\" content=\"600\" \/>\n\t<meta property=\"og:image:type\" content=\"image\/jpeg\" \/>\n<meta name=\"twitter:card\" content=\"summary_large_image\" \/>\n<script type=\"application\/ld+json\" class=\"yoast-schema-graph\">{\"@context\":\"https:\/\/schema.org\",\"@graph\":[{\"@type\":\"WebPage\",\"@id\":\"https:\/\/humanssolutions.com\/product\/retencion-de-rrhh-de-hasta-11-a-20-empleados-por-mes\/\",\"url\":\"https:\/\/humanssolutions.com\/product\/retencion-de-rrhh-de-hasta-11-a-20-empleados-por-mes\/\",\"name\":\"Human Solutions\",\"isPartOf\":{\"@id\":\"https:\/\/humanssolutions.com\/#website\"},\"datePublished\":\"2022-09-25T21:25:38+00:00\",\"dateModified\":\"2022-09-26T04:21:07+00:00\",\"breadcrumb\":{\"@id\":\"https:\/\/humanssolutions.com\/product\/retencion-de-rrhh-de-hasta-11-a-20-empleados-por-mes\/#breadcrumb\"},\"inLanguage\":\"en-US\",\"potentialAction\":[{\"@type\":\"ReadAction\",\"target\":[\"https:\/\/humanssolutions.com\/product\/retencion-de-rrhh-de-hasta-11-a-20-empleados-por-mes\/\"]}]},{\"@type\":\"BreadcrumbList\",\"@id\":\"https:\/\/humanssolutions.com\/product\/retencion-de-rrhh-de-hasta-11-a-20-empleados-por-mes\/#breadcrumb\",\"itemListElement\":[{\"@type\":\"ListItem\",\"position\":1,\"name\":\"Home\",\"item\":\"https:\/\/humanssolutions.com\/\"},{\"@type\":\"ListItem\",\"position\":2,\"name\":\"Tienda\",\"item\":\"https:\/\/humanssolutions.com\/tienda\/\"},{\"@type\":\"ListItem\",\"position\":3,\"name\":\"Retenci\u00f3n de RRHH de hasta 11 a 20 empleados por Mes\"}]},{\"@type\":\"WebSite\",\"@id\":\"https:\/\/humanssolutions.com\/#website\",\"url\":\"https:\/\/humanssolutions.com\/\",\"name\":\"Human Solutions\",\"description\":\"Consultores de RRHH en El Salvador\",\"publisher\":{\"@id\":\"https:\/\/humanssolutions.com\/#organization\"},\"potentialAction\":[{\"@type\":\"SearchAction\",\"target\":{\"@type\":\"EntryPoint\",\"urlTemplate\":\"https:\/\/humanssolutions.com\/?s={search_term_string}\"},\"query-input\":\"required name=search_term_string\"}],\"inLanguage\":\"en-US\"},{\"@type\":\"Organization\",\"@id\":\"https:\/\/humanssolutions.com\/#organization\",\"name\":\"Human Solutions\",\"url\":\"https:\/\/humanssolutions.com\/\",\"logo\":{\"@type\":\"ImageObject\",\"inLanguage\":\"en-US\",\"@id\":\"https:\/\/humanssolutions.com\/#\/schema\/logo\/image\/\",\"url\":\"https:\/\/humanssolutions.com\/wp-content\/uploads\/2022\/09\/Logo-Human-Solutions-light-bg.png\",\"contentUrl\":\"https:\/\/humanssolutions.com\/wp-content\/uploads\/2022\/09\/Logo-Human-Solutions-light-bg.png\",\"width\":650,\"height\":229,\"caption\":\"Human Solutions\"},\"image\":{\"@id\":\"https:\/\/humanssolutions.com\/#\/schema\/logo\/image\/\"}}]}<\/script>\n<!-- \/ Yoast SEO plugin. -->","yoast_head_json":{"title":"Human Solutions","robots":{"index":"index","follow":"follow","max-snippet":"max-snippet:-1","max-image-preview":"max-image-preview:large","max-video-preview":"max-video-preview:-1"},"canonical":"https:\/\/humanssolutions.com\/en\/product\/hr-retention-from-11-to-20-employees-per-month\/","og_locale":"en_US","og_type":"article","og_title":"Human Solutions","og_description":"Nuestros servicios de Retenci\u00f3n de talento est\u00e1n hechos para usted. Le proporcionaremos todos los contratos y documentos que necesite. Adem\u00e1s, tendr\u00e1 acceso a consultores de RRHH con experiencia comprobada que le ayudar\u00e1n en todos los retos de su empresa.  &nbsp;  A continuaci\u00f3n debe especificar la cantidad de meses a contratar este servicio:","og_url":"https:\/\/humanssolutions.com\/en\/product\/hr-retention-from-11-to-20-employees-per-month\/","og_site_name":"Human Solutions","article_modified_time":"2022-09-26T04:21:07+00:00","og_image":[{"width":600,"height":600,"url":"https:\/\/humanssolutions.com\/wp-content\/uploads\/2022\/09\/human-solutions-productos-retencion-de-RRHH.jpg","type":"image\/jpeg"}],"twitter_card":"summary_large_image","schema":{"@context":"https:\/\/schema.org","@graph":[{"@type":"WebPage","@id":"https:\/\/humanssolutions.com\/product\/retencion-de-rrhh-de-hasta-11-a-20-empleados-por-mes\/","url":"https:\/\/humanssolutions.com\/product\/retencion-de-rrhh-de-hasta-11-a-20-empleados-por-mes\/","name":"Human Solutions","isPartOf":{"@id":"https:\/\/humanssolutions.com\/#website"},"datePublished":"2022-09-25T21:25:38+00:00","dateModified":"2022-09-26T04:21:07+00:00","breadcrumb":{"@id":"https:\/\/humanssolutions.com\/product\/retencion-de-rrhh-de-hasta-11-a-20-empleados-por-mes\/#breadcrumb"},"inLanguage":"en-US","potentialAction":[{"@type":"ReadAction","target":["https:\/\/humanssolutions.com\/product\/retencion-de-rrhh-de-hasta-11-a-20-empleados-por-mes\/"]}]},{"@type":"BreadcrumbList","@id":"https:\/\/humanssolutions.com\/product\/retencion-de-rrhh-de-hasta-11-a-20-empleados-por-mes\/#breadcrumb","itemListElement":[{"@type":"ListItem","position":1,"name":"Home","item":"https:\/\/humanssolutions.com\/"},{"@type":"ListItem","position":2,"name":"Tienda","item":"https:\/\/humanssolutions.com\/tienda\/"},{"@type":"ListItem","position":3,"name":"Retenci\u00f3n de RRHH de hasta 11 a 20 empleados por Mes"}]},{"@type":"WebSite","@id":"https:\/\/humanssolutions.com\/#website","url":"https:\/\/humanssolutions.com\/","name":"Human Solutions","description":"Consultores de RRHH en El Salvador","publisher":{"@id":"https:\/\/humanssolutions.com\/#organization"},"potentialAction":[{"@type":"SearchAction","target":{"@type":"EntryPoint","urlTemplate":"https:\/\/humanssolutions.com\/?s={search_term_string}"},"query-input":"required name=search_term_string"}],"inLanguage":"en-US"},{"@type":"Organization","@id":"https:\/\/humanssolutions.com\/#organization","name":"Human Solutions","url":"https:\/\/humanssolutions.com\/","logo":{"@type":"ImageObject","inLanguage":"en-US","@id":"https:\/\/humanssolutions.com\/#\/schema\/logo\/image\/","url":"https:\/\/humanssolutions.com\/wp-content\/uploads\/2022\/09\/Logo-Human-Solutions-light-bg.png","contentUrl":"https:\/\/humanssolutions.com\/wp-content\/uploads\/2022\/09\/Logo-Human-Solutions-light-bg.png","width":650,"height":229,"caption":"Human Solutions"},"image":{"@id":"https:\/\/humanssolutions.com\/#\/schema\/logo\/image\/"}}]}},"_links":{"self":[{"href":"https:\/\/humanssolutions.com\/en\/wp-json\/wp\/v2\/product\/1106","targetHints":{"allow":["GET"]}}],"collection":[{"href":"https:\/\/humanssolutions.com\/en\/wp-json\/wp\/v2\/product"}],"about":[{"href":"https:\/\/humanssolutions.com\/en\/wp-json\/wp\/v2\/types\/product"}],"wp:featuredmedia":[{"embeddable":true,"href":"https:\/\/humanssolutions.com\/en\/wp-json\/wp\/v2\/media\/1134"}],"wp:attachment":[{"href":"https:\/\/humanssolutions.com\/en\/wp-json\/wp\/v2\/media?parent=1106"}],"wp:term":[{"taxonomy":"product_cat","embeddable":true,"href":"https:\/\/humanssolutions.com\/en\/wp-json\/wp\/v2\/product_cat?post=1106"},{"taxonomy":"product_tag","embeddable":true,"href":"https:\/\/humanssolutions.com\/en\/wp-json\/wp\/v2\/product_tag?post=1106"}],"curies":[{"name":"wp","href":"https:\/\/api.w.org\/{rel}","templated":true}]}}