{"id":956,"date":"2022-09-25T15:06:52","date_gmt":"2022-09-25T15:06:52","guid":{"rendered":"https:\/\/humanssolutions.com\/?post_type=product&#038;p=956"},"modified":"2022-09-26T04:40:53","modified_gmt":"2022-09-26T04:40:53","slug":"reclutamiento-oro","status":"publish","type":"product","link":"https:\/\/humanssolutions.com\/en\/product\/recruitment-gold\/","title":{"rendered":"Recruitment Gold"},"content":{"rendered":"<p class=\"Estilo1\">The battle to attract talent has become increasingly fierce. Companies are struggling to reach the best talent for their hiring needs. Our services are the right ones to help companies decrease the stress, time and costs of the recruitment process.<\/p>","protected":false},"excerpt":{"rendered":"<p>Includes<\/p>\n<p>&nbsp;<\/p>\n<p>Posting an ad on your behalf in retail outlets, including a job portal of your choice for 28 days.<\/p>\n<p>Social media campaign management for a period of 28 days.<\/p>\n<p>Data review of all applicants providing only qualified C.V.'s.<\/p>\n<p>Inform all unsuccessful applicants.<\/p>\n<p>Pre-screening telephone interviews on your behalf for up to 10 candidates.<\/p>\n<p>Accompanying you in initial face-to-face interviews or conducting them on your behalf.<\/p>\n<p>Detailed matrix<\/p>\n<p>Arranging the interviews and assisting with the second phase of the interviews.<\/p>","protected":false},"featured_media":1131,"template":"","meta":[],"product_cat":[28],"product_tag":[],"class_list":["post-956","product","type-product","status-publish","has-post-thumbnail","hentry","product_cat-reclutamiento"],"yoast_head":"<!-- This site is optimized with the Yoast SEO plugin v21.2 - https:\/\/yoast.com\/wordpress\/plugins\/seo\/ -->\n<title>Human Solutions<\/title>\n<meta name=\"robots\" content=\"index, follow, max-snippet:-1, max-image-preview:large, max-video-preview:-1\" \/>\n<link rel=\"canonical\" href=\"https:\/\/humanssolutions.com\/en\/product\/recruitment-gold\/\" \/>\n<meta property=\"og:locale\" content=\"en_US\" \/>\n<meta property=\"og:type\" content=\"article\" \/>\n<meta property=\"og:title\" content=\"Human Solutions\" \/>\n<meta property=\"og:description\" content=\"Incluye  &nbsp;  Publicar un anuncio en su nombre en puntos de venta, incluyendo alg\u00fan portal de empleo de su elecci\u00f3n durante 28 d\u00edas.  Gesti\u00f3n de campa\u00f1a en redes sociales durante un periodo de 28 d\u00edas.  Revisi\u00f3n de datos de todos los solicitantes proporcionando s\u00f3lo C.V. cualificados.  Informar a todos los solicitantes que no se hayan seleccionado.  Entrevistas telef\u00f3nicas de preselecci\u00f3n en su nombre para un m\u00e1ximo de 10 candidatos.  Acompa\u00f1amiento en las entrevistas iniciales cara a cara o realizarlas en su nombre.  Matriz detallada  Organizar las entrevistas y ayudar a realizar la segunda fase de estas.\" \/>\n<meta property=\"og:url\" content=\"https:\/\/humanssolutions.com\/en\/product\/recruitment-gold\/\" \/>\n<meta property=\"og:site_name\" content=\"Human Solutions\" \/>\n<meta property=\"article:modified_time\" content=\"2022-09-26T04:40:53+00:00\" \/>\n<meta property=\"og:image\" content=\"https:\/\/humanssolutions.com\/wp-content\/uploads\/2022\/09\/human-solutions-productos-reclutamiento-gold.jpg\" \/>\n\t<meta property=\"og:image:width\" content=\"600\" \/>\n\t<meta property=\"og:image:height\" content=\"600\" \/>\n\t<meta property=\"og:image:type\" content=\"image\/jpeg\" \/>\n<meta name=\"twitter:card\" content=\"summary_large_image\" \/>\n<script type=\"application\/ld+json\" class=\"yoast-schema-graph\">{\"@context\":\"https:\/\/schema.org\",\"@graph\":[{\"@type\":\"WebPage\",\"@id\":\"https:\/\/humanssolutions.com\/product\/reclutamiento-oro\/\",\"url\":\"https:\/\/humanssolutions.com\/product\/reclutamiento-oro\/\",\"name\":\"Human Solutions\",\"isPartOf\":{\"@id\":\"https:\/\/humanssolutions.com\/#website\"},\"datePublished\":\"2022-09-25T15:06:52+00:00\",\"dateModified\":\"2022-09-26T04:40:53+00:00\",\"breadcrumb\":{\"@id\":\"https:\/\/humanssolutions.com\/product\/reclutamiento-oro\/#breadcrumb\"},\"inLanguage\":\"en-US\",\"potentialAction\":[{\"@type\":\"ReadAction\",\"target\":[\"https:\/\/humanssolutions.com\/product\/reclutamiento-oro\/\"]}]},{\"@type\":\"BreadcrumbList\",\"@id\":\"https:\/\/humanssolutions.com\/product\/reclutamiento-oro\/#breadcrumb\",\"itemListElement\":[{\"@type\":\"ListItem\",\"position\":1,\"name\":\"Home\",\"item\":\"https:\/\/humanssolutions.com\/\"},{\"@type\":\"ListItem\",\"position\":2,\"name\":\"Tienda\",\"item\":\"https:\/\/humanssolutions.com\/tienda\/\"},{\"@type\":\"ListItem\",\"position\":3,\"name\":\"Reclutamiento Oro\"}]},{\"@type\":\"WebSite\",\"@id\":\"https:\/\/humanssolutions.com\/#website\",\"url\":\"https:\/\/humanssolutions.com\/\",\"name\":\"Human Solutions\",\"description\":\"Consultores de RRHH en El Salvador\",\"publisher\":{\"@id\":\"https:\/\/humanssolutions.com\/#organization\"},\"potentialAction\":[{\"@type\":\"SearchAction\",\"target\":{\"@type\":\"EntryPoint\",\"urlTemplate\":\"https:\/\/humanssolutions.com\/?s={search_term_string}\"},\"query-input\":\"required name=search_term_string\"}],\"inLanguage\":\"en-US\"},{\"@type\":\"Organization\",\"@id\":\"https:\/\/humanssolutions.com\/#organization\",\"name\":\"Human Solutions\",\"url\":\"https:\/\/humanssolutions.com\/\",\"logo\":{\"@type\":\"ImageObject\",\"inLanguage\":\"en-US\",\"@id\":\"https:\/\/humanssolutions.com\/#\/schema\/logo\/image\/\",\"url\":\"https:\/\/humanssolutions.com\/wp-content\/uploads\/2022\/09\/Logo-Human-Solutions-light-bg.png\",\"contentUrl\":\"https:\/\/humanssolutions.com\/wp-content\/uploads\/2022\/09\/Logo-Human-Solutions-light-bg.png\",\"width\":650,\"height\":229,\"caption\":\"Human Solutions\"},\"image\":{\"@id\":\"https:\/\/humanssolutions.com\/#\/schema\/logo\/image\/\"}}]}<\/script>\n<!-- \/ Yoast SEO plugin. -->","yoast_head_json":{"title":"Human Solutions","robots":{"index":"index","follow":"follow","max-snippet":"max-snippet:-1","max-image-preview":"max-image-preview:large","max-video-preview":"max-video-preview:-1"},"canonical":"https:\/\/humanssolutions.com\/en\/product\/recruitment-gold\/","og_locale":"en_US","og_type":"article","og_title":"Human Solutions","og_description":"Incluye  &nbsp;  Publicar un anuncio en su nombre en puntos de venta, incluyendo alg\u00fan portal de empleo de su elecci\u00f3n durante 28 d\u00edas.  Gesti\u00f3n de campa\u00f1a en redes sociales durante un periodo de 28 d\u00edas.  Revisi\u00f3n de datos de todos los solicitantes proporcionando s\u00f3lo C.V. cualificados.  Informar a todos los solicitantes que no se hayan seleccionado.  Entrevistas telef\u00f3nicas de preselecci\u00f3n en su nombre para un m\u00e1ximo de 10 candidatos.  Acompa\u00f1amiento en las entrevistas iniciales cara a cara o realizarlas en su nombre.  Matriz detallada  Organizar las entrevistas y ayudar a realizar la segunda fase de estas.","og_url":"https:\/\/humanssolutions.com\/en\/product\/recruitment-gold\/","og_site_name":"Human Solutions","article_modified_time":"2022-09-26T04:40:53+00:00","og_image":[{"width":600,"height":600,"url":"https:\/\/humanssolutions.com\/wp-content\/uploads\/2022\/09\/human-solutions-productos-reclutamiento-gold.jpg","type":"image\/jpeg"}],"twitter_card":"summary_large_image","schema":{"@context":"https:\/\/schema.org","@graph":[{"@type":"WebPage","@id":"https:\/\/humanssolutions.com\/product\/reclutamiento-oro\/","url":"https:\/\/humanssolutions.com\/product\/reclutamiento-oro\/","name":"Human Solutions","isPartOf":{"@id":"https:\/\/humanssolutions.com\/#website"},"datePublished":"2022-09-25T15:06:52+00:00","dateModified":"2022-09-26T04:40:53+00:00","breadcrumb":{"@id":"https:\/\/humanssolutions.com\/product\/reclutamiento-oro\/#breadcrumb"},"inLanguage":"en-US","potentialAction":[{"@type":"ReadAction","target":["https:\/\/humanssolutions.com\/product\/reclutamiento-oro\/"]}]},{"@type":"BreadcrumbList","@id":"https:\/\/humanssolutions.com\/product\/reclutamiento-oro\/#breadcrumb","itemListElement":[{"@type":"ListItem","position":1,"name":"Home","item":"https:\/\/humanssolutions.com\/"},{"@type":"ListItem","position":2,"name":"Tienda","item":"https:\/\/humanssolutions.com\/tienda\/"},{"@type":"ListItem","position":3,"name":"Reclutamiento Oro"}]},{"@type":"WebSite","@id":"https:\/\/humanssolutions.com\/#website","url":"https:\/\/humanssolutions.com\/","name":"Human Solutions","description":"Consultores de RRHH en El Salvador","publisher":{"@id":"https:\/\/humanssolutions.com\/#organization"},"potentialAction":[{"@type":"SearchAction","target":{"@type":"EntryPoint","urlTemplate":"https:\/\/humanssolutions.com\/?s={search_term_string}"},"query-input":"required name=search_term_string"}],"inLanguage":"en-US"},{"@type":"Organization","@id":"https:\/\/humanssolutions.com\/#organization","name":"Human Solutions","url":"https:\/\/humanssolutions.com\/","logo":{"@type":"ImageObject","inLanguage":"en-US","@id":"https:\/\/humanssolutions.com\/#\/schema\/logo\/image\/","url":"https:\/\/humanssolutions.com\/wp-content\/uploads\/2022\/09\/Logo-Human-Solutions-light-bg.png","contentUrl":"https:\/\/humanssolutions.com\/wp-content\/uploads\/2022\/09\/Logo-Human-Solutions-light-bg.png","width":650,"height":229,"caption":"Human Solutions"},"image":{"@id":"https:\/\/humanssolutions.com\/#\/schema\/logo\/image\/"}}]}},"_links":{"self":[{"href":"https:\/\/humanssolutions.com\/en\/wp-json\/wp\/v2\/product\/956","targetHints":{"allow":["GET"]}}],"collection":[{"href":"https:\/\/humanssolutions.com\/en\/wp-json\/wp\/v2\/product"}],"about":[{"href":"https:\/\/humanssolutions.com\/en\/wp-json\/wp\/v2\/types\/product"}],"wp:featuredmedia":[{"embeddable":true,"href":"https:\/\/humanssolutions.com\/en\/wp-json\/wp\/v2\/media\/1131"}],"wp:attachment":[{"href":"https:\/\/humanssolutions.com\/en\/wp-json\/wp\/v2\/media?parent=956"}],"wp:term":[{"taxonomy":"product_cat","embeddable":true,"href":"https:\/\/humanssolutions.com\/en\/wp-json\/wp\/v2\/product_cat?post=956"},{"taxonomy":"product_tag","embeddable":true,"href":"https:\/\/humanssolutions.com\/en\/wp-json\/wp\/v2\/product_tag?post=956"}],"curies":[{"name":"wp","href":"https:\/\/api.w.org\/{rel}","templated":true}]}}