{"id":958,"date":"2022-09-25T15:11:12","date_gmt":"2022-09-25T15:11:12","guid":{"rendered":"https:\/\/humanssolutions.com\/?post_type=product&#038;p=958"},"modified":"2022-09-26T04:49:02","modified_gmt":"2022-09-26T04:49:02","slug":"reclutamiento-platinum","status":"publish","type":"product","link":"https:\/\/humanssolutions.com\/en\/product\/recruitment-platinum\/","title":{"rendered":"Recruitment Platinum"},"content":{"rendered":"<p class=\"Estilo1\">The battle to attract talent has become increasingly fierce. Companies are struggling to reach the best talent for their hiring needs. Our services are the right ones to help companies decrease the stress, time and costs of the recruitment process.<\/p>","protected":false},"excerpt":{"rendered":"<p>Includes<\/p>\n<p>Exploratory meeting: Integrate the cultural and leadership requirements of the company.<\/p>\n<p>Search and analysis: Gather a pool of potential candidates.<\/p>\n<p>Evaluation of potential candidates through interviews focused on skills, data and relationships.<\/p>\n<p>Screening of potential candidates based on behavioral and psychometric insights tailored to the role and organizational context.<\/p>\n<p>Personalized assessment to identify the best candidates in pre-selection.<\/p>\n<p>Job offer management using negotiation techniques to ensure the best outcome.<\/p>\n<p>Reference checking and the necessary onboarding process.<\/p>\n<p>Integraci\u00f3n: Asistencia dedicada y adaptada a su necesidad para una contrataci\u00f3n exitosa<\/p>\n<p><span style=\"font-size: 14px;\"><strong>* You only pay when a candidate is successfully hired at your company.<\/strong><\/span><\/p>","protected":false},"featured_media":1132,"template":"","meta":[],"product_cat":[28],"product_tag":[],"class_list":["post-958","product","type-product","status-publish","has-post-thumbnail","hentry","product_cat-reclutamiento"],"yoast_head":"<!-- This site is optimized with the Yoast SEO plugin v21.2 - https:\/\/yoast.com\/wordpress\/plugins\/seo\/ -->\n<title>Human Solutions<\/title>\n<meta name=\"robots\" content=\"index, follow, max-snippet:-1, max-image-preview:large, max-video-preview:-1\" \/>\n<link rel=\"canonical\" href=\"https:\/\/humanssolutions.com\/en\/product\/recruitment-platinum\/\" \/>\n<meta property=\"og:locale\" content=\"en_US\" \/>\n<meta property=\"og:type\" content=\"article\" \/>\n<meta property=\"og:title\" content=\"Human Solutions\" \/>\n<meta property=\"og:description\" content=\"Incluye  Reuni\u00f3n exploratoria: Integrar los requisitos culturales y de liderazgo de la empresa.  B\u00fasqueda y an\u00e1lisis: Reunir un conjunto de candidatos potenciales.  Evaluaci\u00f3n de los posibles candidatos mediante entrevistas centradas en las habilidades, los datos y las relaciones.  Selecci\u00f3n de candidatos potenciales basada en conocimientos conductuales y psicom\u00e9tricos adaptados al papel y al contexto organizativo.  Evaluaci\u00f3n personalizada que permite identificar a los mejores candidatos en la preselecci\u00f3n.  Gesti\u00f3n de la oferta de trabajo utilizando t\u00e9cnicas de negociaci\u00f3n que garantizan el mejor resultado.  Comprobaci\u00f3n de referencias y el proceso de incorporaci\u00f3n necesario.  Integraci\u00f3n: Asistencia dedicada y adaptada a su necesidad para una contrataci\u00f3n exitosa  *S\u00f3lo paga cuando un candidato es contratado con \u00e9xito en su empresa.\" \/>\n<meta property=\"og:url\" content=\"https:\/\/humanssolutions.com\/en\/product\/recruitment-platinum\/\" \/>\n<meta property=\"og:site_name\" content=\"Human Solutions\" \/>\n<meta property=\"article:modified_time\" content=\"2022-09-26T04:49:02+00:00\" \/>\n<meta property=\"og:image\" content=\"https:\/\/humanssolutions.com\/wp-content\/uploads\/2022\/09\/human-solutions-productos-reclutamiento-platinum.jpg\" \/>\n\t<meta property=\"og:image:width\" content=\"600\" \/>\n\t<meta property=\"og:image:height\" content=\"600\" \/>\n\t<meta property=\"og:image:type\" content=\"image\/jpeg\" \/>\n<meta name=\"twitter:card\" content=\"summary_large_image\" \/>\n<script type=\"application\/ld+json\" class=\"yoast-schema-graph\">{\"@context\":\"https:\/\/schema.org\",\"@graph\":[{\"@type\":\"WebPage\",\"@id\":\"https:\/\/humanssolutions.com\/product\/reclutamiento-platinum\/\",\"url\":\"https:\/\/humanssolutions.com\/product\/reclutamiento-platinum\/\",\"name\":\"Human Solutions\",\"isPartOf\":{\"@id\":\"https:\/\/humanssolutions.com\/#website\"},\"datePublished\":\"2022-09-25T15:11:12+00:00\",\"dateModified\":\"2022-09-26T04:49:02+00:00\",\"breadcrumb\":{\"@id\":\"https:\/\/humanssolutions.com\/product\/reclutamiento-platinum\/#breadcrumb\"},\"inLanguage\":\"en-US\",\"potentialAction\":[{\"@type\":\"ReadAction\",\"target\":[\"https:\/\/humanssolutions.com\/product\/reclutamiento-platinum\/\"]}]},{\"@type\":\"BreadcrumbList\",\"@id\":\"https:\/\/humanssolutions.com\/product\/reclutamiento-platinum\/#breadcrumb\",\"itemListElement\":[{\"@type\":\"ListItem\",\"position\":1,\"name\":\"Home\",\"item\":\"https:\/\/humanssolutions.com\/\"},{\"@type\":\"ListItem\",\"position\":2,\"name\":\"Tienda\",\"item\":\"https:\/\/humanssolutions.com\/tienda\/\"},{\"@type\":\"ListItem\",\"position\":3,\"name\":\"Reclutamiento Platinum\"}]},{\"@type\":\"WebSite\",\"@id\":\"https:\/\/humanssolutions.com\/#website\",\"url\":\"https:\/\/humanssolutions.com\/\",\"name\":\"Human Solutions\",\"description\":\"Consultores de RRHH en El Salvador\",\"publisher\":{\"@id\":\"https:\/\/humanssolutions.com\/#organization\"},\"potentialAction\":[{\"@type\":\"SearchAction\",\"target\":{\"@type\":\"EntryPoint\",\"urlTemplate\":\"https:\/\/humanssolutions.com\/?s={search_term_string}\"},\"query-input\":\"required name=search_term_string\"}],\"inLanguage\":\"en-US\"},{\"@type\":\"Organization\",\"@id\":\"https:\/\/humanssolutions.com\/#organization\",\"name\":\"Human Solutions\",\"url\":\"https:\/\/humanssolutions.com\/\",\"logo\":{\"@type\":\"ImageObject\",\"inLanguage\":\"en-US\",\"@id\":\"https:\/\/humanssolutions.com\/#\/schema\/logo\/image\/\",\"url\":\"https:\/\/humanssolutions.com\/wp-content\/uploads\/2022\/09\/Logo-Human-Solutions-light-bg.png\",\"contentUrl\":\"https:\/\/humanssolutions.com\/wp-content\/uploads\/2022\/09\/Logo-Human-Solutions-light-bg.png\",\"width\":650,\"height\":229,\"caption\":\"Human Solutions\"},\"image\":{\"@id\":\"https:\/\/humanssolutions.com\/#\/schema\/logo\/image\/\"}}]}<\/script>\n<!-- \/ Yoast SEO plugin. -->","yoast_head_json":{"title":"Human Solutions","robots":{"index":"index","follow":"follow","max-snippet":"max-snippet:-1","max-image-preview":"max-image-preview:large","max-video-preview":"max-video-preview:-1"},"canonical":"https:\/\/humanssolutions.com\/en\/product\/recruitment-platinum\/","og_locale":"en_US","og_type":"article","og_title":"Human Solutions","og_description":"Incluye  Reuni\u00f3n exploratoria: Integrar los requisitos culturales y de liderazgo de la empresa.  B\u00fasqueda y an\u00e1lisis: Reunir un conjunto de candidatos potenciales.  Evaluaci\u00f3n de los posibles candidatos mediante entrevistas centradas en las habilidades, los datos y las relaciones.  Selecci\u00f3n de candidatos potenciales basada en conocimientos conductuales y psicom\u00e9tricos adaptados al papel y al contexto organizativo.  Evaluaci\u00f3n personalizada que permite identificar a los mejores candidatos en la preselecci\u00f3n.  Gesti\u00f3n de la oferta de trabajo utilizando t\u00e9cnicas de negociaci\u00f3n que garantizan el mejor resultado.  Comprobaci\u00f3n de referencias y el proceso de incorporaci\u00f3n necesario.  Integraci\u00f3n: Asistencia dedicada y adaptada a su necesidad para una contrataci\u00f3n exitosa  *S\u00f3lo paga cuando un candidato es contratado con \u00e9xito en su empresa.","og_url":"https:\/\/humanssolutions.com\/en\/product\/recruitment-platinum\/","og_site_name":"Human Solutions","article_modified_time":"2022-09-26T04:49:02+00:00","og_image":[{"width":600,"height":600,"url":"https:\/\/humanssolutions.com\/wp-content\/uploads\/2022\/09\/human-solutions-productos-reclutamiento-platinum.jpg","type":"image\/jpeg"}],"twitter_card":"summary_large_image","schema":{"@context":"https:\/\/schema.org","@graph":[{"@type":"WebPage","@id":"https:\/\/humanssolutions.com\/product\/reclutamiento-platinum\/","url":"https:\/\/humanssolutions.com\/product\/reclutamiento-platinum\/","name":"Human Solutions","isPartOf":{"@id":"https:\/\/humanssolutions.com\/#website"},"datePublished":"2022-09-25T15:11:12+00:00","dateModified":"2022-09-26T04:49:02+00:00","breadcrumb":{"@id":"https:\/\/humanssolutions.com\/product\/reclutamiento-platinum\/#breadcrumb"},"inLanguage":"en-US","potentialAction":[{"@type":"ReadAction","target":["https:\/\/humanssolutions.com\/product\/reclutamiento-platinum\/"]}]},{"@type":"BreadcrumbList","@id":"https:\/\/humanssolutions.com\/product\/reclutamiento-platinum\/#breadcrumb","itemListElement":[{"@type":"ListItem","position":1,"name":"Home","item":"https:\/\/humanssolutions.com\/"},{"@type":"ListItem","position":2,"name":"Tienda","item":"https:\/\/humanssolutions.com\/tienda\/"},{"@type":"ListItem","position":3,"name":"Reclutamiento Platinum"}]},{"@type":"WebSite","@id":"https:\/\/humanssolutions.com\/#website","url":"https:\/\/humanssolutions.com\/","name":"Human Solutions","description":"Consultores de RRHH en El Salvador","publisher":{"@id":"https:\/\/humanssolutions.com\/#organization"},"potentialAction":[{"@type":"SearchAction","target":{"@type":"EntryPoint","urlTemplate":"https:\/\/humanssolutions.com\/?s={search_term_string}"},"query-input":"required name=search_term_string"}],"inLanguage":"en-US"},{"@type":"Organization","@id":"https:\/\/humanssolutions.com\/#organization","name":"Human Solutions","url":"https:\/\/humanssolutions.com\/","logo":{"@type":"ImageObject","inLanguage":"en-US","@id":"https:\/\/humanssolutions.com\/#\/schema\/logo\/image\/","url":"https:\/\/humanssolutions.com\/wp-content\/uploads\/2022\/09\/Logo-Human-Solutions-light-bg.png","contentUrl":"https:\/\/humanssolutions.com\/wp-content\/uploads\/2022\/09\/Logo-Human-Solutions-light-bg.png","width":650,"height":229,"caption":"Human Solutions"},"image":{"@id":"https:\/\/humanssolutions.com\/#\/schema\/logo\/image\/"}}]}},"_links":{"self":[{"href":"https:\/\/humanssolutions.com\/en\/wp-json\/wp\/v2\/product\/958","targetHints":{"allow":["GET"]}}],"collection":[{"href":"https:\/\/humanssolutions.com\/en\/wp-json\/wp\/v2\/product"}],"about":[{"href":"https:\/\/humanssolutions.com\/en\/wp-json\/wp\/v2\/types\/product"}],"wp:featuredmedia":[{"embeddable":true,"href":"https:\/\/humanssolutions.com\/en\/wp-json\/wp\/v2\/media\/1132"}],"wp:attachment":[{"href":"https:\/\/humanssolutions.com\/en\/wp-json\/wp\/v2\/media?parent=958"}],"wp:term":[{"taxonomy":"product_cat","embeddable":true,"href":"https:\/\/humanssolutions.com\/en\/wp-json\/wp\/v2\/product_cat?post=958"},{"taxonomy":"product_tag","embeddable":true,"href":"https:\/\/humanssolutions.com\/en\/wp-json\/wp\/v2\/product_tag?post=958"}],"curies":[{"name":"wp","href":"https:\/\/api.w.org\/{rel}","templated":true}]}}