{"id":960,"date":"2022-09-25T16:44:23","date_gmt":"2022-09-25T16:44:23","guid":{"rendered":"https:\/\/humanssolutions.com\/?post_type=product&#038;p=960"},"modified":"2022-09-26T05:18:49","modified_gmt":"2022-09-26T05:18:49","slug":"rrhh-segun-demanda","status":"publish","type":"product","link":"https:\/\/humanssolutions.com\/en\/product\/hr-on-demand\/","title":{"rendered":"HR on demand hourly rate"},"content":{"rendered":"","protected":false},"excerpt":{"rendered":"<p>Whatever the service and the hours you need, you can rest assured that you will have the best team dedicated to helping you when you need it.<\/p>\n<p><strong>Next select the number of hours:<\/strong><\/p>","protected":false},"featured_media":1129,"template":"","meta":[],"product_cat":[29],"product_tag":[],"class_list":["post-960","product","type-product","status-publish","has-post-thumbnail","hentry","product_cat-por-demanda"],"yoast_head":"<!-- This site is optimized with the Yoast SEO plugin v21.2 - https:\/\/yoast.com\/wordpress\/plugins\/seo\/ -->\n<title>Human Solutions<\/title>\n<meta name=\"robots\" content=\"index, follow, max-snippet:-1, max-image-preview:large, max-video-preview:-1\" \/>\n<link rel=\"canonical\" href=\"https:\/\/humanssolutions.com\/en\/product\/hr-on-demand\/\" \/>\n<meta property=\"og:locale\" content=\"en_US\" \/>\n<meta property=\"og:type\" content=\"article\" \/>\n<meta property=\"og:title\" content=\"Human Solutions\" \/>\n<meta property=\"og:description\" content=\"Sea cual sea el servicio y las horas que usted necesite, podr\u00e1 tener la seguridad de que contar\u00e1 con el mejor equipo dedicado a ayudarle en el momento que usted lo necesite.  A continuaci\u00f3n seleccione la cantidad de horas:\" \/>\n<meta property=\"og:url\" content=\"https:\/\/humanssolutions.com\/en\/product\/hr-on-demand\/\" \/>\n<meta property=\"og:site_name\" content=\"Human Solutions\" \/>\n<meta property=\"article:modified_time\" content=\"2022-09-26T05:18:49+00:00\" \/>\n<meta property=\"og:image\" content=\"https:\/\/humanssolutions.com\/wp-content\/uploads\/2022\/09\/human-solutions-productos-demanda-tarifa-horas.jpg\" \/>\n\t<meta property=\"og:image:width\" content=\"600\" \/>\n\t<meta property=\"og:image:height\" content=\"600\" \/>\n\t<meta property=\"og:image:type\" content=\"image\/jpeg\" \/>\n<meta name=\"twitter:card\" content=\"summary_large_image\" \/>\n<script type=\"application\/ld+json\" class=\"yoast-schema-graph\">{\"@context\":\"https:\/\/schema.org\",\"@graph\":[{\"@type\":\"WebPage\",\"@id\":\"https:\/\/humanssolutions.com\/product\/rrhh-segun-demanda\/\",\"url\":\"https:\/\/humanssolutions.com\/product\/rrhh-segun-demanda\/\",\"name\":\"Human Solutions\",\"isPartOf\":{\"@id\":\"https:\/\/humanssolutions.com\/#website\"},\"datePublished\":\"2022-09-25T16:44:23+00:00\",\"dateModified\":\"2022-09-26T05:18:49+00:00\",\"breadcrumb\":{\"@id\":\"https:\/\/humanssolutions.com\/product\/rrhh-segun-demanda\/#breadcrumb\"},\"inLanguage\":\"en-US\",\"potentialAction\":[{\"@type\":\"ReadAction\",\"target\":[\"https:\/\/humanssolutions.com\/product\/rrhh-segun-demanda\/\"]}]},{\"@type\":\"BreadcrumbList\",\"@id\":\"https:\/\/humanssolutions.com\/product\/rrhh-segun-demanda\/#breadcrumb\",\"itemListElement\":[{\"@type\":\"ListItem\",\"position\":1,\"name\":\"Home\",\"item\":\"https:\/\/humanssolutions.com\/\"},{\"@type\":\"ListItem\",\"position\":2,\"name\":\"Tienda\",\"item\":\"https:\/\/humanssolutions.com\/tienda\/\"},{\"@type\":\"ListItem\",\"position\":3,\"name\":\"RRHH seg\u00fan demanda por horas\"}]},{\"@type\":\"WebSite\",\"@id\":\"https:\/\/humanssolutions.com\/#website\",\"url\":\"https:\/\/humanssolutions.com\/\",\"name\":\"Human Solutions\",\"description\":\"Consultores de RRHH en El Salvador\",\"publisher\":{\"@id\":\"https:\/\/humanssolutions.com\/#organization\"},\"potentialAction\":[{\"@type\":\"SearchAction\",\"target\":{\"@type\":\"EntryPoint\",\"urlTemplate\":\"https:\/\/humanssolutions.com\/?s={search_term_string}\"},\"query-input\":\"required name=search_term_string\"}],\"inLanguage\":\"en-US\"},{\"@type\":\"Organization\",\"@id\":\"https:\/\/humanssolutions.com\/#organization\",\"name\":\"Human Solutions\",\"url\":\"https:\/\/humanssolutions.com\/\",\"logo\":{\"@type\":\"ImageObject\",\"inLanguage\":\"en-US\",\"@id\":\"https:\/\/humanssolutions.com\/#\/schema\/logo\/image\/\",\"url\":\"https:\/\/humanssolutions.com\/wp-content\/uploads\/2022\/09\/Logo-Human-Solutions-light-bg.png\",\"contentUrl\":\"https:\/\/humanssolutions.com\/wp-content\/uploads\/2022\/09\/Logo-Human-Solutions-light-bg.png\",\"width\":650,\"height\":229,\"caption\":\"Human Solutions\"},\"image\":{\"@id\":\"https:\/\/humanssolutions.com\/#\/schema\/logo\/image\/\"}}]}<\/script>\n<!-- \/ Yoast SEO plugin. -->","yoast_head_json":{"title":"Human Solutions","robots":{"index":"index","follow":"follow","max-snippet":"max-snippet:-1","max-image-preview":"max-image-preview:large","max-video-preview":"max-video-preview:-1"},"canonical":"https:\/\/humanssolutions.com\/en\/product\/hr-on-demand\/","og_locale":"en_US","og_type":"article","og_title":"Human Solutions","og_description":"Sea cual sea el servicio y las horas que usted necesite, podr\u00e1 tener la seguridad de que contar\u00e1 con el mejor equipo dedicado a ayudarle en el momento que usted lo necesite.  A continuaci\u00f3n seleccione la cantidad de horas:","og_url":"https:\/\/humanssolutions.com\/en\/product\/hr-on-demand\/","og_site_name":"Human Solutions","article_modified_time":"2022-09-26T05:18:49+00:00","og_image":[{"width":600,"height":600,"url":"https:\/\/humanssolutions.com\/wp-content\/uploads\/2022\/09\/human-solutions-productos-demanda-tarifa-horas.jpg","type":"image\/jpeg"}],"twitter_card":"summary_large_image","schema":{"@context":"https:\/\/schema.org","@graph":[{"@type":"WebPage","@id":"https:\/\/humanssolutions.com\/product\/rrhh-segun-demanda\/","url":"https:\/\/humanssolutions.com\/product\/rrhh-segun-demanda\/","name":"Human Solutions","isPartOf":{"@id":"https:\/\/humanssolutions.com\/#website"},"datePublished":"2022-09-25T16:44:23+00:00","dateModified":"2022-09-26T05:18:49+00:00","breadcrumb":{"@id":"https:\/\/humanssolutions.com\/product\/rrhh-segun-demanda\/#breadcrumb"},"inLanguage":"en-US","potentialAction":[{"@type":"ReadAction","target":["https:\/\/humanssolutions.com\/product\/rrhh-segun-demanda\/"]}]},{"@type":"BreadcrumbList","@id":"https:\/\/humanssolutions.com\/product\/rrhh-segun-demanda\/#breadcrumb","itemListElement":[{"@type":"ListItem","position":1,"name":"Home","item":"https:\/\/humanssolutions.com\/"},{"@type":"ListItem","position":2,"name":"Tienda","item":"https:\/\/humanssolutions.com\/tienda\/"},{"@type":"ListItem","position":3,"name":"RRHH seg\u00fan demanda por horas"}]},{"@type":"WebSite","@id":"https:\/\/humanssolutions.com\/#website","url":"https:\/\/humanssolutions.com\/","name":"Human Solutions","description":"Consultores de RRHH en El Salvador","publisher":{"@id":"https:\/\/humanssolutions.com\/#organization"},"potentialAction":[{"@type":"SearchAction","target":{"@type":"EntryPoint","urlTemplate":"https:\/\/humanssolutions.com\/?s={search_term_string}"},"query-input":"required name=search_term_string"}],"inLanguage":"en-US"},{"@type":"Organization","@id":"https:\/\/humanssolutions.com\/#organization","name":"Human Solutions","url":"https:\/\/humanssolutions.com\/","logo":{"@type":"ImageObject","inLanguage":"en-US","@id":"https:\/\/humanssolutions.com\/#\/schema\/logo\/image\/","url":"https:\/\/humanssolutions.com\/wp-content\/uploads\/2022\/09\/Logo-Human-Solutions-light-bg.png","contentUrl":"https:\/\/humanssolutions.com\/wp-content\/uploads\/2022\/09\/Logo-Human-Solutions-light-bg.png","width":650,"height":229,"caption":"Human Solutions"},"image":{"@id":"https:\/\/humanssolutions.com\/#\/schema\/logo\/image\/"}}]}},"_links":{"self":[{"href":"https:\/\/humanssolutions.com\/en\/wp-json\/wp\/v2\/product\/960","targetHints":{"allow":["GET"]}}],"collection":[{"href":"https:\/\/humanssolutions.com\/en\/wp-json\/wp\/v2\/product"}],"about":[{"href":"https:\/\/humanssolutions.com\/en\/wp-json\/wp\/v2\/types\/product"}],"wp:featuredmedia":[{"embeddable":true,"href":"https:\/\/humanssolutions.com\/en\/wp-json\/wp\/v2\/media\/1129"}],"wp:attachment":[{"href":"https:\/\/humanssolutions.com\/en\/wp-json\/wp\/v2\/media?parent=960"}],"wp:term":[{"taxonomy":"product_cat","embeddable":true,"href":"https:\/\/humanssolutions.com\/en\/wp-json\/wp\/v2\/product_cat?post=960"},{"taxonomy":"product_tag","embeddable":true,"href":"https:\/\/humanssolutions.com\/en\/wp-json\/wp\/v2\/product_tag?post=960"}],"curies":[{"name":"wp","href":"https:\/\/api.w.org\/{rel}","templated":true}]}}